{"id":672,"date":"2025-05-23T17:12:12","date_gmt":"2025-05-23T15:12:12","guid":{"rendered":"https:\/\/silownia.swidnica.pl\/?page_id=672"},"modified":"2025-05-23T17:19:18","modified_gmt":"2025-05-23T15:19:18","slug":"grzegorz-kudelski","status":"publish","type":"page","link":"https:\/\/silownia.swidnica.pl\/index.php\/grzegorz-kudelski\/","title":{"rendered":"Grzegorz Kudelski"},"content":{"rendered":"\t\t<div data-elementor-type=\"wp-page\" data-elementor-id=\"672\" class=\"elementor elementor-672\" data-elementor-settings=\"{&quot;ha_cmc_init_switcher&quot;:&quot;no&quot;}\" data-elementor-post-type=\"page\">\n\t\t\t\t\t\t<section class=\"elementor-section elementor-top-section elementor-element elementor-element-7874d89a elementor-section-content-middle elementor-section-boxed elementor-section-height-default elementor-section-height-default\" data-id=\"7874d89a\" data-element_type=\"section\" data-settings=\"{&quot;background_background&quot;:&quot;classic&quot;,&quot;_ha_eqh_enable&quot;:false}\">\n\t\t\t\t\t\t\t<div class=\"elementor-background-overlay\"><\/div>\n\t\t\t\t\t\t\t<div class=\"elementor-container elementor-column-gap-default\">\n\t\t\t\t\t<div class=\"elementor-column elementor-col-100 elementor-top-column elementor-element elementor-element-10429569\" data-id=\"10429569\" data-element_type=\"column\">\n\t\t\t<div class=\"elementor-widget-wrap elementor-element-populated\">\n\t\t\t\t\t\t<div class=\"elementor-element elementor-element-41308331 elementor-widget elementor-widget-heading\" data-id=\"41308331\" data-element_type=\"widget\" data-widget_type=\"heading.default\">\n\t\t\t\t<div class=\"elementor-widget-container\">\n\t\t\t\t\t<h2 class=\"elementor-heading-title elementor-size-default\">Krawiectwo Formy<\/h2>\t\t\t\t<\/div>\n\t\t\t\t<\/div>\n\t\t\t\t\t<\/div>\n\t\t<\/div>\n\t\t\t\t\t<\/div>\n\t\t<\/section>\n\t\t\t\t<section class=\"elementor-section elementor-top-section elementor-element elementor-element-14a58504 elementor-section-boxed elementor-section-height-default elementor-section-height-default\" data-id=\"14a58504\" data-element_type=\"section\" data-settings=\"{&quot;background_background&quot;:&quot;classic&quot;,&quot;_ha_eqh_enable&quot;:false}\">\n\t\t\t\t\t\t<div class=\"elementor-container elementor-column-gap-default\">\n\t\t\t\t\t<div class=\"elementor-column elementor-col-100 elementor-top-column elementor-element elementor-element-26370d14\" data-id=\"26370d14\" data-element_type=\"column\">\n\t\t\t<div class=\"elementor-widget-wrap elementor-element-populated\">\n\t\t\t\t\t\t<div class=\"elementor-element elementor-element-6010ba53 elementor-widget elementor-widget-heading\" data-id=\"6010ba53\" data-element_type=\"widget\" data-widget_type=\"heading.default\">\n\t\t\t\t<div class=\"elementor-widget-container\">\n\t\t\t\t\t<h2 class=\"elementor-heading-title elementor-size-default\">Poznaj Mnie bli\u017cej<\/h2>\t\t\t\t<\/div>\n\t\t\t\t<\/div>\n\t\t\t\t<div class=\"elementor-element elementor-element-f88548c elementor-widget elementor-widget-heading\" data-id=\"f88548c\" data-element_type=\"widget\" data-widget_type=\"heading.default\">\n\t\t\t\t<div class=\"elementor-widget-container\">\n\t\t\t\t\t<h2 class=\"elementor-heading-title elementor-size-default\">Grzegorz kudelski<\/h2>\t\t\t\t<\/div>\n\t\t\t\t<\/div>\n\t\t\t\t<section class=\"elementor-section elementor-inner-section elementor-element elementor-element-349c3ab0 elementor-section-boxed elementor-section-height-default elementor-section-height-default\" data-id=\"349c3ab0\" data-element_type=\"section\" data-settings=\"{&quot;_ha_eqh_enable&quot;:false}\">\n\t\t\t\t\t\t<div class=\"elementor-container elementor-column-gap-no\">\n\t\t\t\t\t<div class=\"elementor-column elementor-col-50 elementor-inner-column elementor-element elementor-element-1d371e9c\" data-id=\"1d371e9c\" data-element_type=\"column\">\n\t\t\t<div class=\"elementor-widget-wrap elementor-element-populated\">\n\t\t\t\t\t\t<div class=\"elementor-element elementor-element-2bb8a839 elementor-widget elementor-widget-elementskit-team\" data-id=\"2bb8a839\" data-element_type=\"widget\" data-widget_type=\"elementskit-team.default\">\n\t\t\t\t<div class=\"elementor-widget-container\">\n\t\t\t\t\t<div class=\"ekit-wid-con\">\n\t\t\t\t\t\t\t\t\t\t\t\t\t\t\t\t\t\t\t\t\t\t\t\t<div class=\"profile-image-card elementor-animation- ekit-team-img ekit-team-style-overlay text-center\">\n\n\t\t\t\t\t\t\t\t\t\t\t\t\t<img fetchpriority=\"high\" decoding=\"async\" width=\"1920\" height=\"2560\" src=\"https:\/\/silownia.swidnica.pl\/wp-content\/uploads\/2025\/05\/IMG_20230927_143908-scaled.jpg\" class=\"attachment-full size-full wp-image-679\" alt=\"\" srcset=\"https:\/\/silownia.swidnica.pl\/wp-content\/uploads\/2025\/05\/IMG_20230927_143908-scaled.jpg 1920w, https:\/\/silownia.swidnica.pl\/wp-content\/uploads\/2025\/05\/IMG_20230927_143908-225x300.jpg 225w, https:\/\/silownia.swidnica.pl\/wp-content\/uploads\/2025\/05\/IMG_20230927_143908-768x1024.jpg 768w, https:\/\/silownia.swidnica.pl\/wp-content\/uploads\/2025\/05\/IMG_20230927_143908-1152x1536.jpg 1152w, https:\/\/silownia.swidnica.pl\/wp-content\/uploads\/2025\/05\/IMG_20230927_143908-1536x2048.jpg 1536w\" sizes=\"(max-width: 1920px) 100vw, 1920px\" \/>\t\t\t\t\t\t\t\t\t\t\t\t<div class=\"hover-area\">\n\t\t\t\t\t\t\t<div class=\"profile-body\">\n\t\t\t\t\t\t\t\t<h2 class=\"profile-title\">\n\t\t\t\t\t\t\t\t\t\t\t\t\t\t\t\t\t<a aria-label=\"profile\" href=\"javascript:void(0)\" data-mfp-src=\"#ekit_team_modal_2bb8a839_672\" class=\"ekit-team-popup\">\n\t\t\t\t\t\t\t\t\tGrzegorz Kudelski\t\t\t\t\t\t\t\t\t<\/a>\n\t\t\t\t\t\t\t\t\t\t\t\t\t\t\t\t\t<\/h2>\n\t\t\t\t\t\t\t\t<p class=\"profile-designation\">Personal Trainer<\/p>\n\t\t\t\t\t\t\t\t\t\t\t\t\t\t\t<\/div>\n\t\t\t\t\t\t\t\t\t\t\t\t\t\t\t<div class=\"profile-footer\">\n\t\t\t\t\t\t\t\t\t<ul class=\"ekit-team-social-list\">\n\t\t\t<li class=\"elementor-repeater-item-25c65bf\">\n\t\t\t<a href=\"https:\/\/www.instagram.com\/grzegorzkudelski\/\" aria-label=\"Instagram\">\n\t\t\t\t<i aria-hidden=\"true\" class=\"icon icon-instagram-1\"><\/i>\t\t\t<\/a>\n\t\t<\/li>\n\t<\/ul>\n\t\t\t\t\t\t\t\t<\/div>\n\t\t\t\t\t\t\t\t\t\t\t\t\t<\/div>\n\t\t\t\t\t<\/div>\n\t\t\t\t\t\n\t\t\t\t\n\t\t\t\t\t<div class=\"zoom-anim-dialog mfp-hide elementskit-team-popup team-popup-id-2bb8a839\" id=\"ekit_team_modal_2bb8a839_672\" tabindex=\"-1\" role=\"dialog\" aria-hidden=\"true\">\n\t\t\t\t<div class=\"modal-dialog modal-dialog-centered\" role=\"document\">\n\t\t\t\t\t<div class=\"modal-content\">\n\t\t\t\t\t\t<button type=\"button\" class=\"ekit-team-modal-close\">\n\t\t\t\t\t\t\t<svg aria-hidden=\"true\" class=\"e-font-icon-svg e-fas-times\" viewBox=\"0 0 352 512\" xmlns=\"http:\/\/www.w3.org\/2000\/svg\"><path d=\"M242.72 256l100.07-100.07c12.28-12.28 12.28-32.19 0-44.48l-22.24-22.24c-12.28-12.28-32.19-12.28-44.48 0L176 189.28 75.93 89.21c-12.28-12.28-32.19-12.28-44.48 0L9.21 111.45c-12.28 12.28-12.28 32.19 0 44.48L109.28 256 9.21 356.07c-12.28 12.28-12.28 32.19 0 44.48l22.24 22.24c12.28 12.28 32.2 12.28 44.48 0L176 322.72l100.07 100.07c12.28 12.28 32.2 12.28 44.48 0l22.24-22.24c12.28-12.28 12.28-32.19 0-44.48L242.72 256z\"><\/path><\/svg>\t\t\t\t\t\t<\/button>\n\n\t\t\t\t\t\t<div class=\"modal-body\">\n\t\t\t\t\t\t\t\t\t\t\t\t\t\t\t<div class=\"ekit-team-modal-img\">\n\t\t\t\t\t\t\t\t\t<img fetchpriority=\"high\" decoding=\"async\" width=\"1920\" height=\"2560\" src=\"https:\/\/silownia.swidnica.pl\/wp-content\/uploads\/2025\/05\/IMG_20230927_143908-scaled.jpg\" class=\"attachment-full size-full wp-image-679\" alt=\"\" srcset=\"https:\/\/silownia.swidnica.pl\/wp-content\/uploads\/2025\/05\/IMG_20230927_143908-scaled.jpg 1920w, https:\/\/silownia.swidnica.pl\/wp-content\/uploads\/2025\/05\/IMG_20230927_143908-225x300.jpg 225w, https:\/\/silownia.swidnica.pl\/wp-content\/uploads\/2025\/05\/IMG_20230927_143908-768x1024.jpg 768w, https:\/\/silownia.swidnica.pl\/wp-content\/uploads\/2025\/05\/IMG_20230927_143908-1152x1536.jpg 1152w, https:\/\/silownia.swidnica.pl\/wp-content\/uploads\/2025\/05\/IMG_20230927_143908-1536x2048.jpg 1536w\" sizes=\"(max-width: 1920px) 100vw, 1920px\" \/>\t\t\t\t\t\t\t\t<\/div>\n\t\t\t\t\t\t\t\n\t\t\t\t\t\t\t<div class=\"ekit-team-modal-info has-img\">\n\t\t\t\t\t\t\t\t<h2 class=\"ekit-team-modal-title\">Grzegorz Kudelski<\/h2>\n\t\t\t\t\t\t\t\t<p class=\"ekit-team-modal-position\">Personal Trainer<\/p>\n\t\t\t\t\t\t\t\t\n\t\t\t\t\t\t\t\t<div class=\"ekit-team-modal-content\">\n\t\t\t\t\t\t\t\t\tA small river named Duden flows by their place and supplies it with the necessary\t\t\t\t\t\t\t\t<\/div>\n\n\t\t\t\t\t\t\t\t\t\t\t\t\t\t\t\t\t<ul class=\"ekit-team-modal-list\">\n\t\t\t\t\t\t\t\t\t\t\t\t\t\t\t\t\t\t\t\t\t<li><strong>Phone:<\/strong><a href=\"tel:+1 (859) 254-6589\">+1 (859) 254-6589<\/a><\/li>\n\t\t\t\t\t\t\t\t\t\t\n\t\t\t\t\t\t\t\t\t\t\t\t\t\t\t\t\t\t\t\t\t<li><strong>Email:<\/strong><a href=\"mailto:info@example.com\">info@example.com<\/a><\/li>\n\t\t\t\t\t\t\t\t\t\t\t\t\t\t\t\t\t\t\t<\/ul>\n\t\t\t\t\t\t\t\t\t\t\t\t\t\t\t\t\n\t\t\t\t\t\t\t\t<ul class=\"ekit-team-social-list\">\n\t\t\t<li class=\"elementor-repeater-item-25c65bf\">\n\t\t\t<a href=\"https:\/\/www.instagram.com\/grzegorzkudelski\/\" aria-label=\"Instagram\">\n\t\t\t\t<i aria-hidden=\"true\" class=\"icon icon-instagram-1\"><\/i>\t\t\t<\/a>\n\t\t<\/li>\n\t<\/ul>\n\t\t\t\t\t\t\t<\/div>\n\t\t\t\t\t\t<\/div>\n\t\t\t\t\t<\/div>\n\t\t\t\t<\/div>\n\t\t\t<\/div>\n\t\t\t\t<\/div>\t\t\t\t<\/div>\n\t\t\t\t<\/div>\n\t\t\t\t\t<\/div>\n\t\t<\/div>\n\t\t\t\t<div class=\"elementor-column elementor-col-50 elementor-inner-column elementor-element elementor-element-38ad4763\" data-id=\"38ad4763\" data-element_type=\"column\">\n\t\t\t<div class=\"elementor-widget-wrap elementor-element-populated\">\n\t\t\t\t\t\t<div class=\"elementor-element elementor-element-cc975ce elementor-widget elementor-widget-text-editor\" data-id=\"cc975ce\" data-element_type=\"widget\" data-widget_type=\"text-editor.default\">\n\t\t\t\t<div class=\"elementor-widget-container\">\n\t\t\t\t\t\t\t\t\t<p>Cze\u015b\u0107, jestem Grzegorz &#8211; magister fizjoterapii.<br \/>Ruch i techniki fizjoterapeutyczne \u015bci\u015ble uzupe\u0142niaj\u0105 si\u0119 i stanowi\u0105 drog\u0119 do osi\u0105gniecia<br \/>zdrowia, sprawno\u015bci oraz kondycji, dlatego moim miejscem dzia\u0142ania od zawsze, poza<br \/>o\u015brodkami rehabilitacyjnymi, by\u0142 klub sportowy (wcze\u015bniej Centrum Sport\u00f3w Si\u0142owych i<br \/>Fitness Koloseum w \u015awidnicy)<br \/>W Manufakturze Si\u0142y prowadz\u0119 Gabinet Fizjoterapii gdzie oferuj\u0119 us\u0142ugi<br \/>rehabilitacyjne, kosmetyczne i sportowe:<\/p>\t\t\t\t\t\t\t\t<\/div>\n\t\t\t\t<\/div>\n\t\t\t\t\t<\/div>\n\t\t<\/div>\n\t\t\t\t\t<\/div>\n\t\t<\/section>\n\t\t\t\t<div class=\"elementor-element elementor-element-eb7d14a elementor-widget elementor-widget-text-editor\" data-id=\"eb7d14a\" data-element_type=\"widget\" data-widget_type=\"text-editor.default\">\n\t\t\t\t<div class=\"elementor-widget-container\">\n\t\t\t\t\t\t\t\t\t<p>Rehabilitacyjne<br \/>Je\u017celi masz problem ze zdrowiem, jeste\u015b po urazie, po lub przed operacj\u0105 czy masz wad\u0119<br \/>postawy, a mo\u017ce chcesz zdiagnozowa\u0107 dziecko to jeste\u015b w odpowiednim miejscu. Popularne<br \/>b\u00f3le kr\u0119gos\u0142upa, staw\u00f3w, migreny, szumy uszne, b\u00f3le promieniuj\u0105ce, halluxy, ko\u015blawe czy<br \/>szpotawe kolana, skolioza itp., itd. to nie jest problem \u2013 u mnie otrzymasz wszelk\u0105 pomoc bo<br \/>zastosuj\u0119 dla Ciebie indywidualnie dopasowane metody rehabilitacyjne a reszta zale\u017cy ju\u017c od<br \/>Twojego zaanga\u017cowania; mo\u017ce nie wiesz ale wiele b\u00f3li np. kolana, biodra, jamy brzucha,<br \/>podbrzusza , pachwiny, j\u0105dra, z\u0119b\u00f3w czy zatok zale\u017c\u0105 od kr\u0119gos\u0142upa bo to podra\u017cnienia<br \/>nerw\u00f3w w jego obr\u0119bie mog\u0105 za to odpowiada\u0107 i dlatego nie lekcewa\u017c objaw\u00f3w b\u00f3lowych,<br \/>wa\u017cna jest diagnostyka kt\u00f3r\u0105 tutaj uzyskasz.<br \/>Kosmetyczne<br \/>Je\u017celi chcesz poczu\u0107 si\u0119 lepiej, masz potrzeb\u0119 rozlu\u017ani\u0107 pospinane mi\u0119\u015bnie, kt\u00f3re ograniczaj\u0105<br \/>Tw\u00f3j komfort lub osi\u0105ganie post\u0119p\u00f3w w sporcie, chcesz manualnie skorygowa\u0107 swoje cia\u0142o,<br \/>poprawi\u0107 urod\u0119 poprzez masa\u017c korekcyjny czy relaksacyjny twarzy lub odblokowa\u0107 i<br \/>do\u017cywi\u0107 swoje mi\u0119\u015bnie \u017ceby mog\u0142y do nich dotrze\u0107 produkty od\u017cywcze i regeneracyjne tak<br \/>potrzebne do rozbudowy Twojego cia\u0142a to masa\u017c wykorzystuj\u0105cy wszechstronne techniki jest<br \/>tym czego potrzebujesz.<br \/>Sportowe<br \/>-Je\u017celi chcesz poprawi\u0107 wyniki w sporcie, niezale\u017cnie od dyscypliny kt\u00f3r\u0105 uprawiasz, to<br \/>odnajd\u0119 wsp\u00f3lnie z Tob\u0105 s\u0142abe ogniwa, usuniemy je, poprawimy wydolno\u015b\u0107, zakres ruchu,<br \/>zoptymalizujemy i uzupe\u0142nimy trening tak, by m\u00f3c powiedzie\u0107, \u017ce nast\u0105pi\u0142 progres. Je\u017celi<br \/>natomiast chcesz zwyczajnie trenowa\u0107 sport, poprawi\u0107 kondycj\u0119, zdrowie czy sylwetk\u0119, ale<br \/>masz ograniczenia zdrowotne, to r\u00f3wnie\u017c mog\u0119 CI w tym pom\u00f3c i wsp\u00f3lnie osi\u0105gniemy Tw\u00f3j<br \/>cel.<\/p><p>M\u00f3wi\u0105c w skr\u00f3cie -jestem wszechstronnym, do\u015bwiadczonym fizjoterapeut\u0105, uprawiaj\u0105cym w<br \/>\u017cyciu wiele sport\u00f3w i aktywno\u015bci. Ty opowiadasz o swoim problemie lub okre\u015blasz cel jaki<br \/>chcesz osi\u0105gn\u0105\u0107 a ja jestem po to by nikt nie powiedzia\u0142 Ci \u017ce to niemo\u017cliwe, bo niemo\u017cliwe<br \/>nie istnieje a \u017cycie jest zbyt kr\u00f3tkie, \u017ceby czeka\u0107 na jakie\u015b \u201emo\u017ce jutro\u201d.<\/p><p>Uwolnij si\u0119 od b\u00f3lu i swoich ogranicze\u0144, osi\u0105gaj swoje cele bo granice nie istniej\u0105 a te<br \/>fizyczne s\u0105 do usuni\u0119cia, skorygowania lub adaptacji a ja trzymam za Ciebie kciuki.<\/p><p>Zapraszam\ufffd\ufffd<\/p>\t\t\t\t\t\t\t\t<\/div>\n\t\t\t\t<\/div>\n\t\t\t\t\t<\/div>\n\t\t<\/div>\n\t\t\t\t\t<\/div>\n\t\t<\/section>\n\t\t<div class=\"elementor-element elementor-element-847d856 e-grid e-con-boxed e-con e-parent\" data-id=\"847d856\" data-element_type=\"container\" data-settings=\"{&quot;background_background&quot;:&quot;classic&quot;,&quot;_ha_eqh_enable&quot;:false}\">\n\t\t\t\t\t<div class=\"e-con-inner\">\n\t\t\t\t<div class=\"elementor-element elementor-element-da75c73 elementor-widget elementor-widget-image\" data-id=\"da75c73\" data-element_type=\"widget\" data-widget_type=\"image.default\">\n\t\t\t\t<div class=\"elementor-widget-container\">\n\t\t\t\t\t\t\t\t\t\t\t\t\t\t\t<img decoding=\"async\" width=\"800\" height=\"600\" src=\"https:\/\/silownia.swidnica.pl\/wp-content\/uploads\/2025\/05\/IMG_20230925_125149-1024x768.jpg\" class=\"attachment-large size-large wp-image-678\" alt=\"\" srcset=\"https:\/\/silownia.swidnica.pl\/wp-content\/uploads\/2025\/05\/IMG_20230925_125149-1024x768.jpg 1024w, https:\/\/silownia.swidnica.pl\/wp-content\/uploads\/2025\/05\/IMG_20230925_125149-300x225.jpg 300w, https:\/\/silownia.swidnica.pl\/wp-content\/uploads\/2025\/05\/IMG_20230925_125149-768x576.jpg 768w, https:\/\/silownia.swidnica.pl\/wp-content\/uploads\/2025\/05\/IMG_20230925_125149-1536x1152.jpg 1536w, https:\/\/silownia.swidnica.pl\/wp-content\/uploads\/2025\/05\/IMG_20230925_125149-2048x1536.jpg 2048w\" sizes=\"(max-width: 800px) 100vw, 800px\" \/>\t\t\t\t\t\t\t\t\t\t\t\t\t\t\t<\/div>\n\t\t\t\t<\/div>\n\t\t\t\t<div class=\"elementor-element elementor-element-8a7ebda elementor-widget elementor-widget-image\" data-id=\"8a7ebda\" data-element_type=\"widget\" data-widget_type=\"image.default\">\n\t\t\t\t<div class=\"elementor-widget-container\">\n\t\t\t\t\t\t\t\t\t\t\t\t\t\t\t<img decoding=\"async\" width=\"640\" height=\"480\" src=\"https:\/\/silownia.swidnica.pl\/wp-content\/uploads\/2025\/05\/IMG_20230927_132137-1.jpeg\" class=\"attachment-large size-large wp-image-675\" alt=\"\" srcset=\"https:\/\/silownia.swidnica.pl\/wp-content\/uploads\/2025\/05\/IMG_20230927_132137-1.jpeg 640w, https:\/\/silownia.swidnica.pl\/wp-content\/uploads\/2025\/05\/IMG_20230927_132137-1-300x225.jpeg 300w\" sizes=\"(max-width: 640px) 100vw, 640px\" \/>\t\t\t\t\t\t\t\t\t\t\t\t\t\t\t<\/div>\n\t\t\t\t<\/div>\n\t\t\t\t\t<\/div>\n\t\t\t\t<\/div>\n\t\t\t\t<\/div>\n\t\t","protected":false},"excerpt":{"rendered":"<p>Krawiectwo Formy Poznaj Mnie bli\u017cej Grzegorz kudelski Grzegorz Kudelski Personal Trainer Grzegorz Kudelski Personal Trainer A small river named Duden flows by their place and supplies it with the necessary Phone:+1 (859) 254-6589 Email:info@example.com Cze\u015b\u0107, jestem Grzegorz &#8211; magister fizjoterapii.Ruch i techniki fizjoterapeutyczne \u015bci\u015ble uzupe\u0142niaj\u0105 si\u0119 i stanowi\u0105 drog\u0119 do osi\u0105gnieciazdrowia, sprawno\u015bci oraz kondycji, dlatego [&hellip;]<\/p>\n","protected":false},"author":1,"featured_media":0,"parent":0,"menu_order":0,"comment_status":"closed","ping_status":"closed","template":"","meta":{"footnotes":""},"class_list":["post-672","page","type-page","status-publish","hentry"],"_links":{"self":[{"href":"https:\/\/silownia.swidnica.pl\/index.php\/wp-json\/wp\/v2\/pages\/672","targetHints":{"allow":["GET"]}}],"collection":[{"href":"https:\/\/silownia.swidnica.pl\/index.php\/wp-json\/wp\/v2\/pages"}],"about":[{"href":"https:\/\/silownia.swidnica.pl\/index.php\/wp-json\/wp\/v2\/types\/page"}],"author":[{"embeddable":true,"href":"https:\/\/silownia.swidnica.pl\/index.php\/wp-json\/wp\/v2\/users\/1"}],"replies":[{"embeddable":true,"href":"https:\/\/silownia.swidnica.pl\/index.php\/wp-json\/wp\/v2\/comments?post=672"}],"version-history":[{"count":4,"href":"https:\/\/silownia.swidnica.pl\/index.php\/wp-json\/wp\/v2\/pages\/672\/revisions"}],"predecessor-version":[{"id":682,"href":"https:\/\/silownia.swidnica.pl\/index.php\/wp-json\/wp\/v2\/pages\/672\/revisions\/682"}],"wp:attachment":[{"href":"https:\/\/silownia.swidnica.pl\/index.php\/wp-json\/wp\/v2\/media?parent=672"}],"curies":[{"name":"wp","href":"https:\/\/api.w.org\/{rel}","templated":true}]}}