{"id":383,"date":"2024-12-28T13:42:08","date_gmt":"2024-12-28T12:42:08","guid":{"rendered":"https:\/\/silownia.swidnica.pl\/?page_id=383"},"modified":"2026-03-11T09:35:01","modified_gmt":"2026-03-11T08:35:01","slug":"wozniak-trenerka","status":"publish","type":"page","link":"https:\/\/silownia.swidnica.pl\/index.php\/wozniak-trenerka\/","title":{"rendered":"Wo\u017aniak Trenerka"},"content":{"rendered":"\t\t<div data-elementor-type=\"wp-page\" data-elementor-id=\"383\" class=\"elementor elementor-383\" data-elementor-settings=\"{&quot;ha_cmc_init_switcher&quot;:&quot;no&quot;}\" data-elementor-post-type=\"page\">\n\t\t\t\t\t\t<section class=\"elementor-section elementor-top-section elementor-element elementor-element-3cc85264 elementor-section-content-middle elementor-section-boxed elementor-section-height-default elementor-section-height-default\" data-id=\"3cc85264\" data-element_type=\"section\" data-settings=\"{&quot;background_background&quot;:&quot;classic&quot;,&quot;_ha_eqh_enable&quot;:false}\">\n\t\t\t\t\t\t\t<div class=\"elementor-background-overlay\"><\/div>\n\t\t\t\t\t\t\t<div class=\"elementor-container elementor-column-gap-default\">\n\t\t\t\t\t<div class=\"elementor-column elementor-col-50 elementor-top-column elementor-element elementor-element-d3cfabd\" data-id=\"d3cfabd\" data-element_type=\"column\">\n\t\t\t<div class=\"elementor-widget-wrap elementor-element-populated\">\n\t\t\t\t\t\t<div class=\"elementor-element elementor-element-457ece79 elementor-widget elementor-widget-heading\" data-id=\"457ece79\" data-element_type=\"widget\" data-widget_type=\"heading.default\">\n\t\t\t\t<div class=\"elementor-widget-container\">\n\t\t\t\t\t<h2 class=\"elementor-heading-title elementor-size-default\">wo\u017aniak <span class=\"elementor-heading-title elementor-size-default elementor-inline-editing pen\" data-elementor-setting-key=\"title\" data-pen-placeholder=\"Pisz tutaj...\">TRENERKA<\/span><\/h2>\t\t\t\t<\/div>\n\t\t\t\t<\/div>\n\t\t\t\t\t<\/div>\n\t\t<\/div>\n\t\t\t\t<div class=\"elementor-column elementor-col-50 elementor-top-column elementor-element elementor-element-776f08f8\" data-id=\"776f08f8\" data-element_type=\"column\">\n\t\t\t<div class=\"elementor-widget-wrap\">\n\t\t\t\t\t\t\t<\/div>\n\t\t<\/div>\n\t\t\t\t\t<\/div>\n\t\t<\/section>\n\t\t\t\t<section class=\"elementor-section elementor-top-section elementor-element elementor-element-731d813c elementor-section-boxed elementor-section-height-default elementor-section-height-default\" data-id=\"731d813c\" data-element_type=\"section\" data-settings=\"{&quot;background_background&quot;:&quot;classic&quot;,&quot;_ha_eqh_enable&quot;:false}\">\n\t\t\t\t\t\t<div class=\"elementor-container elementor-column-gap-default\">\n\t\t\t\t\t<div class=\"elementor-column elementor-col-100 elementor-top-column elementor-element elementor-element-524dadca\" data-id=\"524dadca\" data-element_type=\"column\">\n\t\t\t<div class=\"elementor-widget-wrap elementor-element-populated\">\n\t\t\t\t\t\t<div class=\"elementor-element elementor-element-349be70f elementor-widget elementor-widget-heading\" data-id=\"349be70f\" data-element_type=\"widget\" data-widget_type=\"heading.default\">\n\t\t\t\t<div class=\"elementor-widget-container\">\n\t\t\t\t\t<h2 class=\"elementor-heading-title elementor-size-default\">Poznaj mnie bli\u017cej<\/h2>\t\t\t\t<\/div>\n\t\t\t\t<\/div>\n\t\t\t\t<div class=\"elementor-element elementor-element-c4c5a9c elementor-widget elementor-widget-heading\" data-id=\"c4c5a9c\" data-element_type=\"widget\" data-widget_type=\"heading.default\">\n\t\t\t\t<div class=\"elementor-widget-container\">\n\t\t\t\t\t<h2 class=\"elementor-heading-title elementor-size-default\">wo\u017aniak <span class=\"elementor-heading-title elementor-size-default elementor-inline-editing pen\" data-elementor-setting-key=\"title\" data-pen-placeholder=\"Pisz tutaj...\">TRENERKA<\/span><\/h2>\t\t\t\t<\/div>\n\t\t\t\t<\/div>\n\t\t\t\t<section class=\"elementor-section elementor-inner-section elementor-element elementor-element-4bbd23c2 elementor-section-boxed elementor-section-height-default elementor-section-height-default\" data-id=\"4bbd23c2\" data-element_type=\"section\" data-settings=\"{&quot;_ha_eqh_enable&quot;:false}\">\n\t\t\t\t\t\t<div class=\"elementor-container elementor-column-gap-no\">\n\t\t\t\t\t<div class=\"elementor-column elementor-col-50 elementor-inner-column elementor-element elementor-element-4f378223\" data-id=\"4f378223\" data-element_type=\"column\">\n\t\t\t<div class=\"elementor-widget-wrap elementor-element-populated\">\n\t\t\t\t\t\t<div class=\"elementor-element elementor-element-34bac7ec elementor-widget elementor-widget-elementskit-team\" data-id=\"34bac7ec\" data-element_type=\"widget\" data-widget_type=\"elementskit-team.default\">\n\t\t\t\t<div class=\"elementor-widget-container\">\n\t\t\t\t\t<div class=\"ekit-wid-con\">\n\t\t\t\t\t\t\t\t\t\t\t\t\t\t\t\t\t\t\t\t\t\t\t\t<div class=\"profile-image-card elementor-animation- ekit-team-img ekit-team-style-overlay text-center\">\n\n\t\t\t\t\t\t\t\t\t\t\t\t\t<img fetchpriority=\"high\" decoding=\"async\" width=\"1200\" height=\"2048\" src=\"https:\/\/silownia.swidnica.pl\/wp-content\/uploads\/2025\/06\/d42eb159-b18e-4dee-8a05-66cf7a52757e.jpg\" class=\"attachment-full size-full wp-image-713\" alt=\"\" srcset=\"https:\/\/silownia.swidnica.pl\/wp-content\/uploads\/2025\/06\/d42eb159-b18e-4dee-8a05-66cf7a52757e.jpg 1200w, https:\/\/silownia.swidnica.pl\/wp-content\/uploads\/2025\/06\/d42eb159-b18e-4dee-8a05-66cf7a52757e-176x300.jpg 176w, https:\/\/silownia.swidnica.pl\/wp-content\/uploads\/2025\/06\/d42eb159-b18e-4dee-8a05-66cf7a52757e-600x1024.jpg 600w, https:\/\/silownia.swidnica.pl\/wp-content\/uploads\/2025\/06\/d42eb159-b18e-4dee-8a05-66cf7a52757e-768x1311.jpg 768w, https:\/\/silownia.swidnica.pl\/wp-content\/uploads\/2025\/06\/d42eb159-b18e-4dee-8a05-66cf7a52757e-900x1536.jpg 900w\" sizes=\"(max-width: 1200px) 100vw, 1200px\" \/>\t\t\t\t\t\t\t\t\t\t\t\t<div class=\"hover-area\">\n\t\t\t\t\t\t\t<div class=\"profile-body\">\n\t\t\t\t\t\t\t\t<h2 class=\"profile-title\">\n\t\t\t\t\t\t\t\t\t\t\t\t\t\t\t\t\t<a aria-label=\"profile\" href=\"javascript:void(0)\" data-mfp-src=\"#ekit_team_modal_34bac7ec_383\" class=\"ekit-team-popup\">\n\t\t\t\t\t\t\t\t\tWiktoria Wo\u017aniak\t\t\t\t\t\t\t\t\t<\/a>\n\t\t\t\t\t\t\t\t\t\t\t\t\t\t\t\t\t<\/h2>\n\t\t\t\t\t\t\t\t<p class=\"profile-designation\">Personal Trainer<\/p>\n\t\t\t\t\t\t\t\t\t\t\t\t\t\t\t<\/div>\n\t\t\t\t\t\t\t\t\t\t\t\t\t\t\t<div class=\"profile-footer\">\n\t\t\t\t\t\t\t\t\t<ul class=\"ekit-team-social-list\">\n\t\t\t<li class=\"elementor-repeater-item-25c65bf\">\n\t\t\t<a href=\"https:\/\/www.instagram.com\/wozniak_trenerka?igsh=MW9sa3Rna3g0bWxjYg%3D%3D\" aria-label=\"Instagram\">\n\t\t\t\t<i aria-hidden=\"true\" class=\"icon icon-instagram-1\"><\/i>\t\t\t<\/a>\n\t\t<\/li>\n\t<\/ul>\n\t\t\t\t\t\t\t\t<\/div>\n\t\t\t\t\t\t\t\t\t\t\t\t\t<\/div>\n\t\t\t\t\t<\/div>\n\t\t\t\t\t\n\t\t\t\t\n\t\t\t\t\t<div class=\"zoom-anim-dialog mfp-hide elementskit-team-popup team-popup-id-34bac7ec\" id=\"ekit_team_modal_34bac7ec_383\" tabindex=\"-1\" role=\"dialog\" aria-hidden=\"true\">\n\t\t\t\t<div class=\"modal-dialog modal-dialog-centered\" role=\"document\">\n\t\t\t\t\t<div class=\"modal-content\">\n\t\t\t\t\t\t<button type=\"button\" class=\"ekit-team-modal-close\">\n\t\t\t\t\t\t\t<svg aria-hidden=\"true\" class=\"e-font-icon-svg e-fas-times\" viewBox=\"0 0 352 512\" xmlns=\"http:\/\/www.w3.org\/2000\/svg\"><path d=\"M242.72 256l100.07-100.07c12.28-12.28 12.28-32.19 0-44.48l-22.24-22.24c-12.28-12.28-32.19-12.28-44.48 0L176 189.28 75.93 89.21c-12.28-12.28-32.19-12.28-44.48 0L9.21 111.45c-12.28 12.28-12.28 32.19 0 44.48L109.28 256 9.21 356.07c-12.28 12.28-12.28 32.19 0 44.48l22.24 22.24c12.28 12.28 32.2 12.28 44.48 0L176 322.72l100.07 100.07c12.28 12.28 32.2 12.28 44.48 0l22.24-22.24c12.28-12.28 12.28-32.19 0-44.48L242.72 256z\"><\/path><\/svg>\t\t\t\t\t\t<\/button>\n\n\t\t\t\t\t\t<div class=\"modal-body\">\n\t\t\t\t\t\t\t\t\t\t\t\t\t\t\t<div class=\"ekit-team-modal-img\">\n\t\t\t\t\t\t\t\t\t<img fetchpriority=\"high\" decoding=\"async\" width=\"1200\" height=\"2048\" src=\"https:\/\/silownia.swidnica.pl\/wp-content\/uploads\/2025\/06\/d42eb159-b18e-4dee-8a05-66cf7a52757e.jpg\" class=\"attachment-full size-full wp-image-713\" alt=\"\" srcset=\"https:\/\/silownia.swidnica.pl\/wp-content\/uploads\/2025\/06\/d42eb159-b18e-4dee-8a05-66cf7a52757e.jpg 1200w, https:\/\/silownia.swidnica.pl\/wp-content\/uploads\/2025\/06\/d42eb159-b18e-4dee-8a05-66cf7a52757e-176x300.jpg 176w, https:\/\/silownia.swidnica.pl\/wp-content\/uploads\/2025\/06\/d42eb159-b18e-4dee-8a05-66cf7a52757e-600x1024.jpg 600w, https:\/\/silownia.swidnica.pl\/wp-content\/uploads\/2025\/06\/d42eb159-b18e-4dee-8a05-66cf7a52757e-768x1311.jpg 768w, https:\/\/silownia.swidnica.pl\/wp-content\/uploads\/2025\/06\/d42eb159-b18e-4dee-8a05-66cf7a52757e-900x1536.jpg 900w\" sizes=\"(max-width: 1200px) 100vw, 1200px\" \/>\t\t\t\t\t\t\t\t<\/div>\n\t\t\t\t\t\t\t\n\t\t\t\t\t\t\t<div class=\"ekit-team-modal-info has-img\">\n\t\t\t\t\t\t\t\t<h2 class=\"ekit-team-modal-title\">Wiktoria Wo\u017aniak<\/h2>\n\t\t\t\t\t\t\t\t<p class=\"ekit-team-modal-position\">Personal Trainer<\/p>\n\t\t\t\t\t\t\t\t\n\t\t\t\t\t\t\t\t<div class=\"ekit-team-modal-content\">\n\t\t\t\t\t\t\t\t\tA small river named Duden flows by their place and supplies it with the necessary\t\t\t\t\t\t\t\t<\/div>\n\n\t\t\t\t\t\t\t\t\t\t\t\t\t\t\t\t\t<ul class=\"ekit-team-modal-list\">\n\t\t\t\t\t\t\t\t\t\t\t\t\t\t\t\t\t\t\t\t\t<li><strong>Phone:<\/strong><a href=\"tel:+1 (859) 254-6589\">+1 (859) 254-6589<\/a><\/li>\n\t\t\t\t\t\t\t\t\t\t\n\t\t\t\t\t\t\t\t\t\t\t\t\t\t\t\t\t\t\t\t\t<li><strong>Email:<\/strong><a href=\"mailto:info@example.com\">info@example.com<\/a><\/li>\n\t\t\t\t\t\t\t\t\t\t\t\t\t\t\t\t\t\t\t<\/ul>\n\t\t\t\t\t\t\t\t\t\t\t\t\t\t\t\t\n\t\t\t\t\t\t\t\t<ul class=\"ekit-team-social-list\">\n\t\t\t<li class=\"elementor-repeater-item-25c65bf\">\n\t\t\t<a href=\"https:\/\/www.instagram.com\/wozniak_trenerka?igsh=MW9sa3Rna3g0bWxjYg%3D%3D\" aria-label=\"Instagram\">\n\t\t\t\t<i aria-hidden=\"true\" class=\"icon icon-instagram-1\"><\/i>\t\t\t<\/a>\n\t\t<\/li>\n\t<\/ul>\n\t\t\t\t\t\t\t<\/div>\n\t\t\t\t\t\t<\/div>\n\t\t\t\t\t<\/div>\n\t\t\t\t<\/div>\n\t\t\t<\/div>\n\t\t\t\t<\/div>\t\t\t\t<\/div>\n\t\t\t\t<\/div>\n\t\t\t\t\t<\/div>\n\t\t<\/div>\n\t\t\t\t<div class=\"elementor-column elementor-col-50 elementor-inner-column elementor-element elementor-element-67808d48\" data-id=\"67808d48\" data-element_type=\"column\">\n\t\t\t<div class=\"elementor-widget-wrap elementor-element-populated\">\n\t\t\t\t\t\t<div class=\"elementor-element elementor-element-7672a10 elementor-widget elementor-widget-text-editor\" data-id=\"7672a10\" data-element_type=\"widget\" data-widget_type=\"text-editor.default\">\n\t\t\t\t<div class=\"elementor-widget-container\">\n\t\t\t\t\t\t\t\t\t<p>Cze\u015b\u0107, jestem Wiktoria! Si\u0142ownia to moja pasja, kt\u00f3r\u0105 piel\u0119gnuj\u0119 od kilku lat. Nieustannie poszerzam swoj\u0105 wiedz\u0119 na temat trening\u00f3w i diety, aby jak najlepiej wspiera\u0107 Ci\u0119 w drodze do wymarzonej sylwetki. Specjalizuj\u0119 si\u0119 w kszta\u0142towaniu cia\u0142a oraz treningu funkcjonalnym. U mnie ka\u017cda sesja to dawka energii i rado\u015bci z ruchu! Poka\u017c\u0119 Ci, jak opanowa\u0107 kluczowe wzorce ruchowe i udowodni\u0119, \u017ce trening si\u0142owy to nie tylko podnoszenie ci\u0119\u017car\u00f3w, ale przede wszystkim przyjemno\u015b\u0107 i rozw\u00f3j. Moj\u0105 misj\u0105 jest<span class=\"Apple-converted-space\">\u00a0 <\/span>zaszczepienie w Tobie mi\u0142o\u015b\u0107 do aktywno\u015bci fizycznej \u2013 bo zdrowie to styl \u017cycia!<\/p>\t\t\t\t\t\t\t\t<\/div>\n\t\t\t\t<\/div>\n\t\t\t\t\t<\/div>\n\t\t<\/div>\n\t\t\t\t\t<\/div>\n\t\t<\/section>\n\t\t\t\t\t<\/div>\n\t\t<\/div>\n\t\t\t\t\t<\/div>\n\t\t<\/section>\n\t\t<div class=\"elementor-element elementor-element-249b8ad e-grid e-con-boxed e-con e-parent\" data-id=\"249b8ad\" data-element_type=\"container\" data-settings=\"{&quot;background_background&quot;:&quot;classic&quot;,&quot;_ha_eqh_enable&quot;:false}\">\n\t\t\t\t\t<div class=\"e-con-inner\">\n\t\t\t\t<div class=\"elementor-element elementor-element-2d7d948 elementor-widget elementor-widget-image\" data-id=\"2d7d948\" data-element_type=\"widget\" data-widget_type=\"image.default\">\n\t\t\t\t<div class=\"elementor-widget-container\">\n\t\t\t\t\t\t\t\t\t\t\t\t\t\t\t<img decoding=\"async\" width=\"724\" height=\"1024\" src=\"https:\/\/silownia.swidnica.pl\/wp-content\/uploads\/2025\/01\/Certificate-Wiktoria-Wozniak_page-0001-724x1024.jpg\" class=\"attachment-large size-large wp-image-462\" alt=\"\" srcset=\"https:\/\/silownia.swidnica.pl\/wp-content\/uploads\/2025\/01\/Certificate-Wiktoria-Wozniak_page-0001-724x1024.jpg 724w, https:\/\/silownia.swidnica.pl\/wp-content\/uploads\/2025\/01\/Certificate-Wiktoria-Wozniak_page-0001-212x300.jpg 212w, https:\/\/silownia.swidnica.pl\/wp-content\/uploads\/2025\/01\/Certificate-Wiktoria-Wozniak_page-0001-768x1086.jpg 768w, https:\/\/silownia.swidnica.pl\/wp-content\/uploads\/2025\/01\/Certificate-Wiktoria-Wozniak_page-0001-1086x1536.jpg 1086w, https:\/\/silownia.swidnica.pl\/wp-content\/uploads\/2025\/01\/Certificate-Wiktoria-Wozniak_page-0001.jpg 1217w\" sizes=\"(max-width: 724px) 100vw, 724px\" \/>\t\t\t\t\t\t\t\t\t\t\t\t\t\t\t<\/div>\n\t\t\t\t<\/div>\n\t\t\t\t<div class=\"elementor-element elementor-element-5075b17 elementor-widget elementor-widget-image\" data-id=\"5075b17\" data-element_type=\"widget\" data-widget_type=\"image.default\">\n\t\t\t\t<div class=\"elementor-widget-container\">\n\t\t\t\t\t\t\t\t\t\t\t\t\t\t\t<img decoding=\"async\" width=\"724\" height=\"1024\" src=\"https:\/\/silownia.swidnica.pl\/wp-content\/uploads\/2025\/01\/Certificate-Wiktoria-Wozniak-1_page-0001-724x1024.jpg\" class=\"attachment-large size-large wp-image-463\" alt=\"\" srcset=\"https:\/\/silownia.swidnica.pl\/wp-content\/uploads\/2025\/01\/Certificate-Wiktoria-Wozniak-1_page-0001-724x1024.jpg 724w, https:\/\/silownia.swidnica.pl\/wp-content\/uploads\/2025\/01\/Certificate-Wiktoria-Wozniak-1_page-0001-212x300.jpg 212w, https:\/\/silownia.swidnica.pl\/wp-content\/uploads\/2025\/01\/Certificate-Wiktoria-Wozniak-1_page-0001-768x1086.jpg 768w, https:\/\/silownia.swidnica.pl\/wp-content\/uploads\/2025\/01\/Certificate-Wiktoria-Wozniak-1_page-0001-1086x1536.jpg 1086w, https:\/\/silownia.swidnica.pl\/wp-content\/uploads\/2025\/01\/Certificate-Wiktoria-Wozniak-1_page-0001-1448x2048.jpg 1448w, https:\/\/silownia.swidnica.pl\/wp-content\/uploads\/2025\/01\/Certificate-Wiktoria-Wozniak-1_page-0001-scaled.jpg 1810w\" sizes=\"(max-width: 724px) 100vw, 724px\" \/>\t\t\t\t\t\t\t\t\t\t\t\t\t\t\t<\/div>\n\t\t\t\t<\/div>\n\t\t\t\t<div class=\"elementor-element elementor-element-b03fac2 elementor-widget elementor-widget-image\" data-id=\"b03fac2\" data-element_type=\"widget\" data-widget_type=\"image.default\">\n\t\t\t\t<div class=\"elementor-widget-container\">\n\t\t\t\t\t\t\t\t\t\t\t\t\t\t\t<img loading=\"lazy\" decoding=\"async\" width=\"800\" height=\"577\" src=\"https:\/\/silownia.swidnica.pl\/wp-content\/uploads\/2025\/01\/Certyfikat-1024x738.jpeg\" class=\"attachment-large size-large wp-image-459\" alt=\"\" srcset=\"https:\/\/silownia.swidnica.pl\/wp-content\/uploads\/2025\/01\/Certyfikat-1024x738.jpeg 1024w, https:\/\/silownia.swidnica.pl\/wp-content\/uploads\/2025\/01\/Certyfikat-300x216.jpeg 300w, https:\/\/silownia.swidnica.pl\/wp-content\/uploads\/2025\/01\/Certyfikat-768x553.jpeg 768w, https:\/\/silownia.swidnica.pl\/wp-content\/uploads\/2025\/01\/Certyfikat-1536x1107.jpeg 1536w, https:\/\/silownia.swidnica.pl\/wp-content\/uploads\/2025\/01\/Certyfikat-2048x1476.jpeg 2048w\" sizes=\"(max-width: 800px) 100vw, 800px\" \/>\t\t\t\t\t\t\t\t\t\t\t\t\t\t\t<\/div>\n\t\t\t\t<\/div>\n\t\t\t\t<div class=\"elementor-element elementor-element-bf88719 elementor-widget elementor-widget-image\" data-id=\"bf88719\" data-element_type=\"widget\" data-widget_type=\"image.default\">\n\t\t\t\t<div class=\"elementor-widget-container\">\n\t\t\t\t\t\t\t\t\t\t\t\t\t\t\t<img loading=\"lazy\" decoding=\"async\" width=\"800\" height=\"566\" src=\"https:\/\/silownia.swidnica.pl\/wp-content\/uploads\/2025\/01\/cert-posladki_page-0001-1024x724.jpg\" class=\"attachment-large size-large wp-image-553\" alt=\"\" srcset=\"https:\/\/silownia.swidnica.pl\/wp-content\/uploads\/2025\/01\/cert-posladki_page-0001-1024x724.jpg 1024w, https:\/\/silownia.swidnica.pl\/wp-content\/uploads\/2025\/01\/cert-posladki_page-0001-300x212.jpg 300w, https:\/\/silownia.swidnica.pl\/wp-content\/uploads\/2025\/01\/cert-posladki_page-0001-768x543.jpg 768w, https:\/\/silownia.swidnica.pl\/wp-content\/uploads\/2025\/01\/cert-posladki_page-0001-1536x1086.jpg 1536w, https:\/\/silownia.swidnica.pl\/wp-content\/uploads\/2025\/01\/cert-posladki_page-0001-2048x1448.jpg 2048w\" sizes=\"(max-width: 800px) 100vw, 800px\" \/>\t\t\t\t\t\t\t\t\t\t\t\t\t\t\t<\/div>\n\t\t\t\t<\/div>\n\t\t\t\t<div class=\"elementor-element elementor-element-6deb5cf elementor-widget elementor-widget-image\" data-id=\"6deb5cf\" data-element_type=\"widget\" data-widget_type=\"image.default\">\n\t\t\t\t<div class=\"elementor-widget-container\">\n\t\t\t\t\t\t\t\t\t\t\t\t\t\t\t<img loading=\"lazy\" decoding=\"async\" width=\"800\" height=\"566\" src=\"https:\/\/silownia.swidnica.pl\/wp-content\/uploads\/2025\/01\/certyfikat-1_pages-to-jpg-0001-1-1024x724.jpg\" class=\"attachment-large size-large wp-image-461\" alt=\"\" srcset=\"https:\/\/silownia.swidnica.pl\/wp-content\/uploads\/2025\/01\/certyfikat-1_pages-to-jpg-0001-1-1024x724.jpg 1024w, https:\/\/silownia.swidnica.pl\/wp-content\/uploads\/2025\/01\/certyfikat-1_pages-to-jpg-0001-1-300x212.jpg 300w, https:\/\/silownia.swidnica.pl\/wp-content\/uploads\/2025\/01\/certyfikat-1_pages-to-jpg-0001-1-768x543.jpg 768w, https:\/\/silownia.swidnica.pl\/wp-content\/uploads\/2025\/01\/certyfikat-1_pages-to-jpg-0001-1-1536x1086.jpg 1536w, https:\/\/silownia.swidnica.pl\/wp-content\/uploads\/2025\/01\/certyfikat-1_pages-to-jpg-0001-1-2048x1448.jpg 2048w\" sizes=\"(max-width: 800px) 100vw, 800px\" \/>\t\t\t\t\t\t\t\t\t\t\t\t\t\t\t<\/div>\n\t\t\t\t<\/div>\n\t\t\t\t<div class=\"elementor-element elementor-element-0a5a7d6 elementor-widget elementor-widget-image\" data-id=\"0a5a7d6\" data-element_type=\"widget\" data-widget_type=\"image.default\">\n\t\t\t\t<div class=\"elementor-widget-container\">\n\t\t\t\t\t\t\t\t\t\t\t\t\t\t\t<img decoding=\"async\" src=\"https:\/\/silownia.swidnica.pl\/wp-content\/uploads\/2026\/03\/TRENING-KOBIET-W-CIAZY-28.02-01.-03-WROCLAW-Wiktoria-Wozniak.pdf\" title=\"\" alt=\"\" loading=\"lazy\" \/>\t\t\t\t\t\t\t\t\t\t\t\t\t\t\t<\/div>\n\t\t\t\t<\/div>\n\t\t\t\t\t<\/div>\n\t\t\t\t<\/div>\n\t\t\t\t<\/div>\n\t\t","protected":false},"excerpt":{"rendered":"<p>wo\u017aniak TRENERKA Poznaj mnie bli\u017cej wo\u017aniak TRENERKA Wiktoria Wo\u017aniak Personal Trainer Wiktoria Wo\u017aniak Personal Trainer A small river named Duden flows by their place and supplies it with the necessary Phone:+1 (859) 254-6589 Email:info@example.com Cze\u015b\u0107, jestem Wiktoria! Si\u0142ownia to moja pasja, kt\u00f3r\u0105 piel\u0119gnuj\u0119 od kilku lat. Nieustannie poszerzam swoj\u0105 wiedz\u0119 na temat trening\u00f3w i diety, [&hellip;]<\/p>\n","protected":false},"author":1,"featured_media":0,"parent":0,"menu_order":0,"comment_status":"closed","ping_status":"closed","template":"","meta":{"footnotes":""},"class_list":["post-383","page","type-page","status-publish","hentry"],"_links":{"self":[{"href":"https:\/\/silownia.swidnica.pl\/index.php\/wp-json\/wp\/v2\/pages\/383","targetHints":{"allow":["GET"]}}],"collection":[{"href":"https:\/\/silownia.swidnica.pl\/index.php\/wp-json\/wp\/v2\/pages"}],"about":[{"href":"https:\/\/silownia.swidnica.pl\/index.php\/wp-json\/wp\/v2\/types\/page"}],"author":[{"embeddable":true,"href":"https:\/\/silownia.swidnica.pl\/index.php\/wp-json\/wp\/v2\/users\/1"}],"replies":[{"embeddable":true,"href":"https:\/\/silownia.swidnica.pl\/index.php\/wp-json\/wp\/v2\/comments?post=383"}],"version-history":[{"count":46,"href":"https:\/\/silownia.swidnica.pl\/index.php\/wp-json\/wp\/v2\/pages\/383\/revisions"}],"predecessor-version":[{"id":924,"href":"https:\/\/silownia.swidnica.pl\/index.php\/wp-json\/wp\/v2\/pages\/383\/revisions\/924"}],"wp:attachment":[{"href":"https:\/\/silownia.swidnica.pl\/index.php\/wp-json\/wp\/v2\/media?parent=383"}],"curies":[{"name":"wp","href":"https:\/\/api.w.org\/{rel}","templated":true}]}}