{"id":371,"date":"2024-12-28T13:33:51","date_gmt":"2024-12-28T12:33:51","guid":{"rendered":"https:\/\/silownia.swidnica.pl\/?page_id=371"},"modified":"2026-02-22T16:34:55","modified_gmt":"2026-02-22T15:34:55","slug":"krawiec-sylwetki","status":"publish","type":"page","link":"https:\/\/silownia.swidnica.pl\/index.php\/krawiec-sylwetki\/","title":{"rendered":"Krawiectwo Formy"},"content":{"rendered":"\t\t<div data-elementor-type=\"wp-page\" data-elementor-id=\"371\" class=\"elementor elementor-371\" data-elementor-settings=\"{&quot;ha_cmc_init_switcher&quot;:&quot;no&quot;}\" data-elementor-post-type=\"page\">\n\t\t\t\t\t\t<section class=\"elementor-section elementor-top-section elementor-element elementor-element-7874d89a elementor-section-content-middle elementor-section-boxed elementor-section-height-default elementor-section-height-default\" data-id=\"7874d89a\" data-element_type=\"section\" data-settings=\"{&quot;background_background&quot;:&quot;classic&quot;,&quot;_ha_eqh_enable&quot;:false}\">\n\t\t\t\t\t\t\t<div class=\"elementor-background-overlay\"><\/div>\n\t\t\t\t\t\t\t<div class=\"elementor-container elementor-column-gap-default\">\n\t\t\t\t\t<div class=\"elementor-column elementor-col-100 elementor-top-column elementor-element elementor-element-10429569\" data-id=\"10429569\" data-element_type=\"column\">\n\t\t\t<div class=\"elementor-widget-wrap elementor-element-populated\">\n\t\t\t\t\t\t<div class=\"elementor-element elementor-element-41308331 elementor-widget elementor-widget-heading\" data-id=\"41308331\" data-element_type=\"widget\" data-widget_type=\"heading.default\">\n\t\t\t\t<div class=\"elementor-widget-container\">\n\t\t\t\t\t<h2 class=\"elementor-heading-title elementor-size-default\">Krawiectwo Formy<\/h2>\t\t\t\t<\/div>\n\t\t\t\t<\/div>\n\t\t\t\t\t<\/div>\n\t\t<\/div>\n\t\t\t\t\t<\/div>\n\t\t<\/section>\n\t\t\t\t<section class=\"elementor-section elementor-top-section elementor-element elementor-element-14a58504 elementor-section-boxed elementor-section-height-default elementor-section-height-default\" data-id=\"14a58504\" data-element_type=\"section\" data-settings=\"{&quot;background_background&quot;:&quot;classic&quot;,&quot;_ha_eqh_enable&quot;:false}\">\n\t\t\t\t\t\t<div class=\"elementor-container elementor-column-gap-default\">\n\t\t\t\t\t<div class=\"elementor-column elementor-col-100 elementor-top-column elementor-element elementor-element-26370d14\" data-id=\"26370d14\" data-element_type=\"column\">\n\t\t\t<div class=\"elementor-widget-wrap elementor-element-populated\">\n\t\t\t\t\t\t<div class=\"elementor-element elementor-element-6010ba53 elementor-widget elementor-widget-heading\" data-id=\"6010ba53\" data-element_type=\"widget\" data-widget_type=\"heading.default\">\n\t\t\t\t<div class=\"elementor-widget-container\">\n\t\t\t\t\t<h2 class=\"elementor-heading-title elementor-size-default\">Poznaj Mnie bli\u017cej<\/h2>\t\t\t\t<\/div>\n\t\t\t\t<\/div>\n\t\t\t\t<div class=\"elementor-element elementor-element-f88548c elementor-widget elementor-widget-heading\" data-id=\"f88548c\" data-element_type=\"widget\" data-widget_type=\"heading.default\">\n\t\t\t\t<div class=\"elementor-widget-container\">\n\t\t\t\t\t<h2 class=\"elementor-heading-title elementor-size-default\">Rafa\u0142 domaga\u0142a<\/h2>\t\t\t\t<\/div>\n\t\t\t\t<\/div>\n\t\t\t\t<section class=\"elementor-section elementor-inner-section elementor-element elementor-element-349c3ab0 elementor-section-boxed elementor-section-height-default elementor-section-height-default\" data-id=\"349c3ab0\" data-element_type=\"section\" data-settings=\"{&quot;_ha_eqh_enable&quot;:false}\">\n\t\t\t\t\t\t<div class=\"elementor-container elementor-column-gap-no\">\n\t\t\t\t\t<div class=\"elementor-column elementor-col-50 elementor-inner-column elementor-element elementor-element-1d371e9c\" data-id=\"1d371e9c\" data-element_type=\"column\">\n\t\t\t<div class=\"elementor-widget-wrap elementor-element-populated\">\n\t\t\t\t\t\t<div class=\"elementor-element elementor-element-2bb8a839 elementor-widget elementor-widget-elementskit-team\" data-id=\"2bb8a839\" data-element_type=\"widget\" data-widget_type=\"elementskit-team.default\">\n\t\t\t\t<div class=\"elementor-widget-container\">\n\t\t\t\t\t<div class=\"ekit-wid-con\">\n\t\t\t\t\t\t\t\t\t\t\t\t\t\t\t\t\t\t\t\t\t\t\t\t<div class=\"profile-image-card elementor-animation- ekit-team-img ekit-team-style-overlay text-center\">\n\n\t\t\t\t\t\t\t\t\t\t\t\t\t<img fetchpriority=\"high\" decoding=\"async\" width=\"1334\" height=\"2048\" src=\"https:\/\/silownia.swidnica.pl\/wp-content\/uploads\/2025\/06\/120ec9d1-ad35-4ad0-8dcf-87ab0e98af19.jpg\" class=\"attachment-full size-full wp-image-712\" alt=\"\" srcset=\"https:\/\/silownia.swidnica.pl\/wp-content\/uploads\/2025\/06\/120ec9d1-ad35-4ad0-8dcf-87ab0e98af19.jpg 1334w, https:\/\/silownia.swidnica.pl\/wp-content\/uploads\/2025\/06\/120ec9d1-ad35-4ad0-8dcf-87ab0e98af19-195x300.jpg 195w, https:\/\/silownia.swidnica.pl\/wp-content\/uploads\/2025\/06\/120ec9d1-ad35-4ad0-8dcf-87ab0e98af19-667x1024.jpg 667w, https:\/\/silownia.swidnica.pl\/wp-content\/uploads\/2025\/06\/120ec9d1-ad35-4ad0-8dcf-87ab0e98af19-768x1179.jpg 768w, https:\/\/silownia.swidnica.pl\/wp-content\/uploads\/2025\/06\/120ec9d1-ad35-4ad0-8dcf-87ab0e98af19-1001x1536.jpg 1001w\" sizes=\"(max-width: 1334px) 100vw, 1334px\" \/>\t\t\t\t\t\t\t\t\t\t\t\t<div class=\"hover-area\">\n\t\t\t\t\t\t\t<div class=\"profile-body\">\n\t\t\t\t\t\t\t\t<h2 class=\"profile-title\">\n\t\t\t\t\t\t\t\t\t\t\t\t\t\t\t\t\t<a aria-label=\"profile\" href=\"javascript:void(0)\" data-mfp-src=\"#ekit_team_modal_2bb8a839_371\" class=\"ekit-team-popup\">\n\t\t\t\t\t\t\t\t\tRafa\u0142 Domaga\u0142a\t\t\t\t\t\t\t\t\t<\/a>\n\t\t\t\t\t\t\t\t\t\t\t\t\t\t\t\t\t<\/h2>\n\t\t\t\t\t\t\t\t<p class=\"profile-designation\">Personal Trainer<\/p>\n\t\t\t\t\t\t\t\t\t\t\t\t\t\t\t<\/div>\n\t\t\t\t\t\t\t\t\t\t\t\t\t\t\t<div class=\"profile-footer\">\n\t\t\t\t\t\t\t\t\t<ul class=\"ekit-team-social-list\">\n\t\t\t<li class=\"elementor-repeater-item-25c65bf\">\n\t\t\t<a href=\"https:\/\/www.instagram.com\/krawiec_sylwetki?igsh=YXIwcTM5b3V2dzJo&#038;utm_source=qr\" aria-label=\"Instagram\">\n\t\t\t\t<i aria-hidden=\"true\" class=\"icon icon-instagram-1\"><\/i>\t\t\t<\/a>\n\t\t<\/li>\n\t<\/ul>\n\t\t\t\t\t\t\t\t<\/div>\n\t\t\t\t\t\t\t\t\t\t\t\t\t<\/div>\n\t\t\t\t\t<\/div>\n\t\t\t\t\t\n\t\t\t\t\n\t\t\t\t\t<div class=\"zoom-anim-dialog mfp-hide elementskit-team-popup team-popup-id-2bb8a839\" id=\"ekit_team_modal_2bb8a839_371\" tabindex=\"-1\" role=\"dialog\" aria-hidden=\"true\">\n\t\t\t\t<div class=\"modal-dialog modal-dialog-centered\" role=\"document\">\n\t\t\t\t\t<div class=\"modal-content\">\n\t\t\t\t\t\t<button type=\"button\" class=\"ekit-team-modal-close\">\n\t\t\t\t\t\t\t<svg aria-hidden=\"true\" class=\"e-font-icon-svg e-fas-times\" viewBox=\"0 0 352 512\" xmlns=\"http:\/\/www.w3.org\/2000\/svg\"><path d=\"M242.72 256l100.07-100.07c12.28-12.28 12.28-32.19 0-44.48l-22.24-22.24c-12.28-12.28-32.19-12.28-44.48 0L176 189.28 75.93 89.21c-12.28-12.28-32.19-12.28-44.48 0L9.21 111.45c-12.28 12.28-12.28 32.19 0 44.48L109.28 256 9.21 356.07c-12.28 12.28-12.28 32.19 0 44.48l22.24 22.24c12.28 12.28 32.2 12.28 44.48 0L176 322.72l100.07 100.07c12.28 12.28 32.2 12.28 44.48 0l22.24-22.24c12.28-12.28 12.28-32.19 0-44.48L242.72 256z\"><\/path><\/svg>\t\t\t\t\t\t<\/button>\n\n\t\t\t\t\t\t<div class=\"modal-body\">\n\t\t\t\t\t\t\t\t\t\t\t\t\t\t\t<div class=\"ekit-team-modal-img\">\n\t\t\t\t\t\t\t\t\t<img fetchpriority=\"high\" decoding=\"async\" width=\"1334\" height=\"2048\" src=\"https:\/\/silownia.swidnica.pl\/wp-content\/uploads\/2025\/06\/120ec9d1-ad35-4ad0-8dcf-87ab0e98af19.jpg\" class=\"attachment-full size-full wp-image-712\" alt=\"\" srcset=\"https:\/\/silownia.swidnica.pl\/wp-content\/uploads\/2025\/06\/120ec9d1-ad35-4ad0-8dcf-87ab0e98af19.jpg 1334w, https:\/\/silownia.swidnica.pl\/wp-content\/uploads\/2025\/06\/120ec9d1-ad35-4ad0-8dcf-87ab0e98af19-195x300.jpg 195w, https:\/\/silownia.swidnica.pl\/wp-content\/uploads\/2025\/06\/120ec9d1-ad35-4ad0-8dcf-87ab0e98af19-667x1024.jpg 667w, https:\/\/silownia.swidnica.pl\/wp-content\/uploads\/2025\/06\/120ec9d1-ad35-4ad0-8dcf-87ab0e98af19-768x1179.jpg 768w, https:\/\/silownia.swidnica.pl\/wp-content\/uploads\/2025\/06\/120ec9d1-ad35-4ad0-8dcf-87ab0e98af19-1001x1536.jpg 1001w\" sizes=\"(max-width: 1334px) 100vw, 1334px\" \/>\t\t\t\t\t\t\t\t<\/div>\n\t\t\t\t\t\t\t\n\t\t\t\t\t\t\t<div class=\"ekit-team-modal-info has-img\">\n\t\t\t\t\t\t\t\t<h2 class=\"ekit-team-modal-title\">Rafa\u0142 Domaga\u0142a<\/h2>\n\t\t\t\t\t\t\t\t<p class=\"ekit-team-modal-position\">Personal Trainer<\/p>\n\t\t\t\t\t\t\t\t\n\t\t\t\t\t\t\t\t<div class=\"ekit-team-modal-content\">\n\t\t\t\t\t\t\t\t\tA small river named Duden flows by their place and supplies it with the necessary\t\t\t\t\t\t\t\t<\/div>\n\n\t\t\t\t\t\t\t\t\t\t\t\t\t\t\t\t\t<ul class=\"ekit-team-modal-list\">\n\t\t\t\t\t\t\t\t\t\t\t\t\t\t\t\t\t\t\t\t\t<li><strong>Phone:<\/strong><a href=\"tel:+1 (859) 254-6589\">+1 (859) 254-6589<\/a><\/li>\n\t\t\t\t\t\t\t\t\t\t\n\t\t\t\t\t\t\t\t\t\t\t\t\t\t\t\t\t\t\t\t\t<li><strong>Email:<\/strong><a href=\"mailto:info@example.com\">info@example.com<\/a><\/li>\n\t\t\t\t\t\t\t\t\t\t\t\t\t\t\t\t\t\t\t<\/ul>\n\t\t\t\t\t\t\t\t\t\t\t\t\t\t\t\t\n\t\t\t\t\t\t\t\t<ul class=\"ekit-team-social-list\">\n\t\t\t<li class=\"elementor-repeater-item-25c65bf\">\n\t\t\t<a href=\"https:\/\/www.instagram.com\/krawiec_sylwetki?igsh=YXIwcTM5b3V2dzJo&#038;utm_source=qr\" aria-label=\"Instagram\">\n\t\t\t\t<i aria-hidden=\"true\" class=\"icon icon-instagram-1\"><\/i>\t\t\t<\/a>\n\t\t<\/li>\n\t<\/ul>\n\t\t\t\t\t\t\t<\/div>\n\t\t\t\t\t\t<\/div>\n\t\t\t\t\t<\/div>\n\t\t\t\t<\/div>\n\t\t\t<\/div>\n\t\t\t\t<\/div>\t\t\t\t<\/div>\n\t\t\t\t<\/div>\n\t\t\t\t\t<\/div>\n\t\t<\/div>\n\t\t\t\t<div class=\"elementor-column elementor-col-50 elementor-inner-column elementor-element elementor-element-38ad4763\" data-id=\"38ad4763\" data-element_type=\"column\">\n\t\t\t<div class=\"elementor-widget-wrap elementor-element-populated\">\n\t\t\t\t\t\t<div class=\"elementor-element elementor-element-cc975ce elementor-widget elementor-widget-text-editor\" data-id=\"cc975ce\" data-element_type=\"widget\" data-widget_type=\"text-editor.default\">\n\t\t\t\t<div class=\"elementor-widget-container\">\n\t\t\t\t\t\t\t\t\t<p>Witaj, Mi\u0142o mi go\u015bci\u0107 Ciebie \u00a0w mojej zak\u0142adce. Krawiectwo Formy to projekt, kt\u00f3ry powsta\u0142 przed otwarciem Manufaktury. <br \/>Nazywam si\u0119 Rafa\u0142 aka Krawiec, Si\u0142ownia to miejsce gdzie czuj\u0119 si\u0119 jak ryba w wodzie. Swoj\u0105 drog\u0119 zaczyna\u0142em z poziomu osoby skrajnie oty\u0142ej, poprzez osob\u0119 chud\u0105, nast\u0119pnie startowa\u0142em w zawodach kulturystycznych.<\/p><p>Jestem typem osoby, kt\u00f3ra nie lubi sta\u0107 w miejscu[\u2026] Nast\u0119pnie postanowi\u0142em pomaga\u0107 ludziom, osi\u0105gn\u0105\u0142em uprawnienia poziomu Trenera Personalnego.<\/p><p>Na podstawie moich do\u015bwiadcze\u0144, opracowuje metody treningowe, kt\u00f3re na pierwszy rzut oka nie r\u00f3\u017cni\u0105 si\u0119 od klasycznego treningu si\u0142owego. Jednak koreluj\u0105c odpowiedni\u0105 dynamik\u0119, obj\u0119to\u015b\u0107 i systematyczno\u015b\u0107 wraz z utrzymaniem odpowiedniego bilansu Kcal jestem w stanie w spos\u00f3b liniowy doprowadzi\u0107 do za\u0142o\u017ce\u0144, kt\u00f3re razem ustalamy na podstawie wywiadu.<span class=\"Apple-converted-space\">\u00a0 <\/span>Stale stawiam na rozw\u00f3j poprzez szkolenia, webinary oraz literatur\u0119<\/p><p>Najwa\u017cniejszym za\u0142o\u017ceniem podczas \u0107wicze\u0144 ze mn\u0105 to #lu\u017anag\u0142owa i pozytywne nastawienie.<\/p>\t\t\t\t\t\t\t\t<\/div>\n\t\t\t\t<\/div>\n\t\t\t\t\t<\/div>\n\t\t<\/div>\n\t\t\t\t\t<\/div>\n\t\t<\/section>\n\t\t\t\t\t<\/div>\n\t\t<\/div>\n\t\t\t\t\t<\/div>\n\t\t<\/section>\n\t\t<div class=\"elementor-element elementor-element-847d856 e-grid e-con-boxed e-con e-parent\" data-id=\"847d856\" data-element_type=\"container\" data-settings=\"{&quot;background_background&quot;:&quot;classic&quot;,&quot;_ha_eqh_enable&quot;:false}\">\n\t\t\t\t\t<div class=\"e-con-inner\">\n\t\t\t\t<div class=\"elementor-element elementor-element-da75c73 elementor-widget elementor-widget-image\" data-id=\"da75c73\" data-element_type=\"widget\" data-widget_type=\"image.default\">\n\t\t\t\t<div class=\"elementor-widget-container\">\n\t\t\t\t\t\t\t\t\t\t\t\t\t\t\t<img decoding=\"async\" width=\"800\" height=\"570\" src=\"https:\/\/silownia.swidnica.pl\/wp-content\/uploads\/2025\/01\/dyplom1-1024x729.jpg\" class=\"attachment-large size-large wp-image-451\" alt=\"\" srcset=\"https:\/\/silownia.swidnica.pl\/wp-content\/uploads\/2025\/01\/dyplom1-1024x729.jpg 1024w, https:\/\/silownia.swidnica.pl\/wp-content\/uploads\/2025\/01\/dyplom1-300x214.jpg 300w, https:\/\/silownia.swidnica.pl\/wp-content\/uploads\/2025\/01\/dyplom1-768x547.jpg 768w, https:\/\/silownia.swidnica.pl\/wp-content\/uploads\/2025\/01\/dyplom1-1536x1093.jpg 1536w, https:\/\/silownia.swidnica.pl\/wp-content\/uploads\/2025\/01\/dyplom1.jpg 2016w\" sizes=\"(max-width: 800px) 100vw, 800px\" \/>\t\t\t\t\t\t\t\t\t\t\t\t\t\t\t<\/div>\n\t\t\t\t<\/div>\n\t\t\t\t<div class=\"elementor-element elementor-element-8a7ebda elementor-widget elementor-widget-image\" data-id=\"8a7ebda\" data-element_type=\"widget\" data-widget_type=\"image.default\">\n\t\t\t\t<div class=\"elementor-widget-container\">\n\t\t\t\t\t\t\t\t\t\t\t\t\t\t\t<img decoding=\"async\" width=\"800\" height=\"569\" src=\"https:\/\/silownia.swidnica.pl\/wp-content\/uploads\/2025\/01\/duplom2.jpg\" class=\"attachment-large size-large wp-image-450\" alt=\"\" srcset=\"https:\/\/silownia.swidnica.pl\/wp-content\/uploads\/2025\/01\/duplom2.jpg 960w, https:\/\/silownia.swidnica.pl\/wp-content\/uploads\/2025\/01\/duplom2-300x213.jpg 300w, https:\/\/silownia.swidnica.pl\/wp-content\/uploads\/2025\/01\/duplom2-768x546.jpg 768w\" sizes=\"(max-width: 800px) 100vw, 800px\" \/>\t\t\t\t\t\t\t\t\t\t\t\t\t\t\t<\/div>\n\t\t\t\t<\/div>\n\t\t\t\t\t<\/div>\n\t\t\t\t<\/div>\n\t\t<div class=\"elementor-element elementor-element-393cd13 e-grid e-con-boxed e-con e-parent\" data-id=\"393cd13\" data-element_type=\"container\" data-settings=\"{&quot;background_background&quot;:&quot;classic&quot;,&quot;_ha_eqh_enable&quot;:false}\">\n\t\t\t\t\t<div class=\"e-con-inner\">\n\t\t\t\t<div class=\"elementor-element elementor-element-5be4c32 elementor-widget elementor-widget-image\" data-id=\"5be4c32\" data-element_type=\"widget\" data-widget_type=\"image.default\">\n\t\t\t\t<div class=\"elementor-widget-container\">\n\t\t\t\t\t\t\t\t\t\t\t\t\t\t\t<img loading=\"lazy\" decoding=\"async\" width=\"800\" height=\"566\" src=\"https:\/\/silownia.swidnica.pl\/wp-content\/uploads\/2026\/02\/cert-CORE-1024x725.jpeg\" class=\"attachment-large size-large wp-image-912\" alt=\"\" srcset=\"https:\/\/silownia.swidnica.pl\/wp-content\/uploads\/2026\/02\/cert-CORE-1024x725.jpeg 1024w, https:\/\/silownia.swidnica.pl\/wp-content\/uploads\/2026\/02\/cert-CORE-300x212.jpeg 300w, https:\/\/silownia.swidnica.pl\/wp-content\/uploads\/2026\/02\/cert-CORE-768x544.jpeg 768w, https:\/\/silownia.swidnica.pl\/wp-content\/uploads\/2026\/02\/cert-CORE-1536x1087.jpeg 1536w, https:\/\/silownia.swidnica.pl\/wp-content\/uploads\/2026\/02\/cert-CORE-2048x1450.jpeg 2048w\" sizes=\"(max-width: 800px) 100vw, 800px\" \/>\t\t\t\t\t\t\t\t\t\t\t\t\t\t\t<\/div>\n\t\t\t\t<\/div>\n\t\t\t\t<div class=\"elementor-element elementor-element-ce187e2 elementor-widget elementor-widget-image\" data-id=\"ce187e2\" data-element_type=\"widget\" data-widget_type=\"image.default\">\n\t\t\t\t<div class=\"elementor-widget-container\">\n\t\t\t\t\t\t\t\t\t\t\t\t\t\t\t<img loading=\"lazy\" decoding=\"async\" width=\"800\" height=\"566\" src=\"https:\/\/silownia.swidnica.pl\/wp-content\/uploads\/2025\/11\/certyfikat-pdf-1024x725.jpg\" class=\"attachment-large size-large wp-image-881\" alt=\"\" srcset=\"https:\/\/silownia.swidnica.pl\/wp-content\/uploads\/2025\/11\/certyfikat-pdf-1024x725.jpg 1024w, https:\/\/silownia.swidnica.pl\/wp-content\/uploads\/2025\/11\/certyfikat-pdf-300x212.jpg 300w, https:\/\/silownia.swidnica.pl\/wp-content\/uploads\/2025\/11\/certyfikat-pdf-768x544.jpg 768w, https:\/\/silownia.swidnica.pl\/wp-content\/uploads\/2025\/11\/certyfikat-pdf-1536x1087.jpg 1536w, https:\/\/silownia.swidnica.pl\/wp-content\/uploads\/2025\/11\/certyfikat-pdf-2048x1450.jpg 2048w\" sizes=\"(max-width: 800px) 100vw, 800px\" \/>\t\t\t\t\t\t\t\t\t\t\t\t\t\t\t<\/div>\n\t\t\t\t<\/div>\n\t\t\t\t<div class=\"elementor-element elementor-element-d68781e elementor-widget elementor-widget-image\" data-id=\"d68781e\" data-element_type=\"widget\" data-widget_type=\"image.default\">\n\t\t\t\t<div class=\"elementor-widget-container\">\n\t\t\t\t\t\t\t\t\t\t\t\t\t\t\t<img loading=\"lazy\" decoding=\"async\" width=\"800\" height=\"566\" src=\"https:\/\/silownia.swidnica.pl\/wp-content\/uploads\/2025\/12\/R.-DOMAGALA-ANATOMIA-I-FIZJOLOGIA_page-0001-1024x725.jpg\" class=\"attachment-large size-large wp-image-906\" alt=\"\" srcset=\"https:\/\/silownia.swidnica.pl\/wp-content\/uploads\/2025\/12\/R.-DOMAGALA-ANATOMIA-I-FIZJOLOGIA_page-0001-1024x725.jpg 1024w, https:\/\/silownia.swidnica.pl\/wp-content\/uploads\/2025\/12\/R.-DOMAGALA-ANATOMIA-I-FIZJOLOGIA_page-0001-300x212.jpg 300w, https:\/\/silownia.swidnica.pl\/wp-content\/uploads\/2025\/12\/R.-DOMAGALA-ANATOMIA-I-FIZJOLOGIA_page-0001-768x543.jpg 768w, https:\/\/silownia.swidnica.pl\/wp-content\/uploads\/2025\/12\/R.-DOMAGALA-ANATOMIA-I-FIZJOLOGIA_page-0001-1536x1087.jpg 1536w, https:\/\/silownia.swidnica.pl\/wp-content\/uploads\/2025\/12\/R.-DOMAGALA-ANATOMIA-I-FIZJOLOGIA_page-0001.jpg 1754w\" sizes=\"(max-width: 800px) 100vw, 800px\" \/>\t\t\t\t\t\t\t\t\t\t\t\t\t\t\t<\/div>\n\t\t\t\t<\/div>\n\t\t\t\t<div class=\"elementor-element elementor-element-5c6ad3e elementor-widget elementor-widget-image\" data-id=\"5c6ad3e\" data-element_type=\"widget\" data-widget_type=\"image.default\">\n\t\t\t\t<div class=\"elementor-widget-container\">\n\t\t\t\t\t\t\t\t\t\t\t\t\t\t\t<img decoding=\"async\" src=\"https:\/\/silownia.swidnica.pl\/wp-content\/uploads\/2025\/12\/R.-DOMAGALA-PODSTAWY-DIETETYKI.pdf\" title=\"\" alt=\"\" loading=\"lazy\" \/>\t\t\t\t\t\t\t\t\t\t\t\t\t\t\t<\/div>\n\t\t\t\t<\/div>\n\t\t\t\t<div class=\"elementor-element elementor-element-a53634d elementor-widget elementor-widget-image\" data-id=\"a53634d\" data-element_type=\"widget\" data-widget_type=\"image.default\">\n\t\t\t\t<div class=\"elementor-widget-container\">\n\t\t\t\t\t\t\t\t\t\t\t\t\t\t\t<img loading=\"lazy\" decoding=\"async\" width=\"724\" height=\"1024\" src=\"https:\/\/silownia.swidnica.pl\/wp-content\/uploads\/2025\/11\/certyfikat-314-1761246641_pages-to-jpg-0001-724x1024.jpg\" class=\"attachment-large size-large wp-image-883\" alt=\"\" srcset=\"https:\/\/silownia.swidnica.pl\/wp-content\/uploads\/2025\/11\/certyfikat-314-1761246641_pages-to-jpg-0001-724x1024.jpg 724w, https:\/\/silownia.swidnica.pl\/wp-content\/uploads\/2025\/11\/certyfikat-314-1761246641_pages-to-jpg-0001-212x300.jpg 212w, https:\/\/silownia.swidnica.pl\/wp-content\/uploads\/2025\/11\/certyfikat-314-1761246641_pages-to-jpg-0001-768x1087.jpg 768w, https:\/\/silownia.swidnica.pl\/wp-content\/uploads\/2025\/11\/certyfikat-314-1761246641_pages-to-jpg-0001-1085x1536.jpg 1085w, https:\/\/silownia.swidnica.pl\/wp-content\/uploads\/2025\/11\/certyfikat-314-1761246641_pages-to-jpg-0001.jpg 1240w\" sizes=\"(max-width: 724px) 100vw, 724px\" \/>\t\t\t\t\t\t\t\t\t\t\t\t\t\t\t<\/div>\n\t\t\t\t<\/div>\n\t\t\t\t\t<\/div>\n\t\t\t\t<\/div>\n\t\t\t\t<\/div>\n\t\t","protected":false},"excerpt":{"rendered":"<p>Krawiectwo Formy Poznaj Mnie bli\u017cej Rafa\u0142 domaga\u0142a Rafa\u0142 Domaga\u0142a Personal Trainer Rafa\u0142 Domaga\u0142a Personal Trainer A small river named Duden flows by their place and supplies it with the necessary Phone:+1 (859) 254-6589 Email:info@example.com Witaj, Mi\u0142o mi go\u015bci\u0107 Ciebie \u00a0w mojej zak\u0142adce. Krawiectwo Formy to projekt, kt\u00f3ry powsta\u0142 przed otwarciem Manufaktury. Nazywam si\u0119 Rafa\u0142 aka [&hellip;]<\/p>\n","protected":false},"author":1,"featured_media":0,"parent":0,"menu_order":0,"comment_status":"closed","ping_status":"closed","template":"","meta":{"footnotes":""},"class_list":["post-371","page","type-page","status-publish","hentry"],"_links":{"self":[{"href":"https:\/\/silownia.swidnica.pl\/index.php\/wp-json\/wp\/v2\/pages\/371","targetHints":{"allow":["GET"]}}],"collection":[{"href":"https:\/\/silownia.swidnica.pl\/index.php\/wp-json\/wp\/v2\/pages"}],"about":[{"href":"https:\/\/silownia.swidnica.pl\/index.php\/wp-json\/wp\/v2\/types\/page"}],"author":[{"embeddable":true,"href":"https:\/\/silownia.swidnica.pl\/index.php\/wp-json\/wp\/v2\/users\/1"}],"replies":[{"embeddable":true,"href":"https:\/\/silownia.swidnica.pl\/index.php\/wp-json\/wp\/v2\/comments?post=371"}],"version-history":[{"count":56,"href":"https:\/\/silownia.swidnica.pl\/index.php\/wp-json\/wp\/v2\/pages\/371\/revisions"}],"predecessor-version":[{"id":915,"href":"https:\/\/silownia.swidnica.pl\/index.php\/wp-json\/wp\/v2\/pages\/371\/revisions\/915"}],"wp:attachment":[{"href":"https:\/\/silownia.swidnica.pl\/index.php\/wp-json\/wp\/v2\/media?parent=371"}],"curies":[{"name":"wp","href":"https:\/\/api.w.org\/{rel}","templated":true}]}}